{"id":23169,"date":"2022-02-21T13:19:54","date_gmt":"2022-02-21T12:19:54","guid":{"rendered":"https:\/\/www.sophiahealth.de\/?page_id=23169"},"modified":"2025-07-21T10:18:26","modified_gmt":"2025-07-21T08:18:26","slug":"rechtliches-terminplanung","status":"publish","type":"page","link":"https:\/\/www.sophiahealth.de\/index.php\/rechtliches-terminplanung\/","title":{"rendered":"Rechtliches Terminplanung"},"content":{"rendered":"<div class=\"wpb-content-wrapper\">[vc_row row_type=&#8220;parallax&#8220; text_align=&#8220;left&#8220; background_image=&#8220;23172&#8243; full_screen_section_height=&#8220;yes&#8220; vertically_align_content_in_middle=&#8220;no&#8220; parallax_speed=&#8220;2&#8243;][vc_column][vc_row_inner row_type=&#8220;row&#8220; type=&#8220;grid&#8220; use_row_as_full_screen_section_slide=&#8220;no&#8220; text_align=&#8220;left&#8220; css_animation=&#8220;&#8220;][vc_column_inner css=&#8220;.vc_custom_1642500175109{margin-top: 500px !important;}&#8220;]<div class=\"qode-parallax-holder\" data-parallax=\"{&quot;y&quot;: -200, &quot;smoothness&quot;: 20}\">[vc_column_text]\r\n<h1 style=\"text-align: center;\">Rechtliches<\/h1>\r\n[\/vc_column_text]<\/div>[\/vc_column_inner][\/vc_row_inner][\/vc_column][\/vc_row][vc_row row_type=&#8220;row&#8220; use_row_as_full_screen_section=&#8220;no&#8220; type=&#8220;grid&#8220; anchor=&#8220;bedingungen&#8220; text_align=&#8220;left&#8220; background_animation=&#8220;none&#8220; padding_top=&#8220;45&#8243; padding_bottom=&#8220;25&#8243; css_animation=&#8220;&#8220;][vc_column][vc_empty_space][vc_row_inner row_type=&#8220;row&#8220; type=&#8220;full_width&#8220; use_row_as_full_screen_section_slide=&#8220;no&#8220; text_align=&#8220;left&#8220; css_animation=&#8220;&#8220;][vc_column_inner][vc_column_text]\r\n<h2 style=\"text-align: center;\">Das Kleingedruckte f\u00fcr unsere Termine<\/h2>\r\n[\/vc_column_text][\/vc_column_inner][\/vc_row_inner][vc_empty_space][\/vc_column][\/vc_row][vc_row row_type=&#8220;row&#8220; use_row_as_full_screen_section=&#8220;no&#8220; type=&#8220;grid&#8220; text_align=&#8220;left&#8220; background_animation=&#8220;none&#8220; css_animation=&#8220;&#8220;][vc_column][vc_row_inner row_type=&#8220;row&#8220; type=&#8220;full_width&#8220; use_row_as_full_screen_section_slide=&#8220;no&#8220; text_align=&#8220;left&#8220; css_animation=&#8220;&#8220;][vc_column_inner width=&#8220;1\/2&#8243;][vc_column_text]\r\n<h5>Anzahlung<\/h5>\r\n[\/vc_column_text][vc_column_text css=&#8220;&#8220;]\r\n<p class=\"p1\"><b>Damit Ihr Termin bei uns fest gebucht ist, bitten wir um eine Anzahlung innerhalb von 7 Tagen nach Ihrer Buchungsanfrage.<\/b><span class=\"s1\"> Die H\u00f6he der Anzahlung richtet sich nach dem Terminformat:<\/span><\/p>\r\n&nbsp;\r\n<ul>\r\n \t<li class=\"p1\"><span class=\"s1\"><b>200\u202f\u20ac<\/b><\/span> f\u00fcr <span class=\"s1\"><b>Folgetermine<\/b><\/span> (vor Ort oder online)<\/li>\r\n \t<li class=\"p1\"><span class=\"s1\"><b>400\u202f\u20ac<\/b><\/span> f\u00fcr <span class=\"s1\"><b>Ersttermine<\/b><\/span> (vor Ort oder online)<\/li>\r\n \t<li class=\"p1\"><b>600\u202f\u20ac<\/b><span class=\"s1\"> f\u00fcr <\/span><b>Tagestermine<\/b><\/li>\r\n<\/ul>\r\n&nbsp;\r\n<p class=\"p4\">Sie erhalten dazu eine Rechnung von uns. Die Anzahlung \u00fcberweisen Sie einfach auf das angegebene Konto \u2013 damit ist Ihr Termin verbindlich reserviert.<\/p>\r\n[\/vc_column_text][vc_separator type=&#8220;transparent&#8220; border_style=&#8220;&#8220; up=&#8220;15&#8243;][vc_column_text]\r\n<h5>Bezahlung<\/h5>\r\n[\/vc_column_text][vc_column_text]Der Restbetrag f\u00fcr Ihre Behandlung kann bei uns vor Ort <strong>in bar<\/strong> beglichen werden.[\/vc_column_text][vc_separator type=&#8220;transparent&#8220; border_style=&#8220;&#8220; up=&#8220;15&#8243;][\/vc_column_inner][vc_column_inner width=&#8220;1\/2&#8243;][vc_column_text]\r\n<h5>Rechnungen<\/h5>\r\n[\/vc_column_text][vc_column_text]Unsere Rechnungen werden auf Grundlage des\u00a0Geb\u00fcH, Geb\u00fchrenverzeichnis f\u00fcr Heilpraktiker, erstellt. Dabei k\u00f6nnen wir weder erstattungsf\u00e4hige Maximalbetr\u00e4ge ber\u00fccksichtigen noch \u00fcbernehmen wir jegliche Verantwortung f\u00fcr die Erstattung unserer Rechnungen durch Krankenversicherungen.[\/vc_column_text][vc_separator type=&#8220;transparent&#8220; border_style=&#8220;&#8220; up=&#8220;15&#8243;][vc_column_text]\r\n<h5>Terminabsagen<\/h5>\r\n[\/vc_column_text][vc_column_text]Eine Stornierung Ihres Termins ist bis 28 Tage vor Termin ohne weitere Kosten f\u00fcr Sie m\u00f6glich. Ihre Anzahlung wird erstattet. Bei Absagen innerhalb von 28 Tagen vor Ihrem ersten Termin bei uns ist die Anzahlung als Kompensation f\u00fcr unseren Aufwand und Ersatz bei Nichtbelegung der reservierten Zeit\u00a0<strong>nicht<\/strong> erstattungsf\u00e4hig.[\/vc_column_text][\/vc_column_inner][\/vc_row_inner][\/vc_column][\/vc_row][vc_row row_type=&#8220;row&#8220; use_row_as_full_screen_section=&#8220;no&#8220; type=&#8220;full_width&#8220; text_align=&#8220;left&#8220; background_animation=&#8220;none&#8220; css_animation=&#8220;&#8220;][vc_column][vc_empty_space height=&#8220;64px&#8220;][\/vc_column][\/vc_row]<\/div>","protected":false},"excerpt":{"rendered":"<p>[vc_row row_type=&#8220;parallax&#8220; text_align=&#8220;left&#8220; background_image=&#8220;23172&#8243; full_screen_section_height=&#8220;yes&#8220; vertically_align_content_in_middle=&#8220;no&#8220; parallax_speed=&#8220;2&#8243;][vc_column][vc_row_inner row_type=&#8220;row&#8220; type=&#8220;grid&#8220; use_row_as_full_screen_section_slide=&#8220;no&#8220; text_align=&#8220;left&#8220; css_animation=&#8220;&#8220;][vc_column_inner css=&#8220;.vc_custom_1642500175109{margin-top: 500px !important;}&#8220;][\/vc_column_inner][\/vc_row_inner][\/vc_column][\/vc_row][vc_row row_type=&#8220;row&#8220; use_row_as_full_screen_section=&#8220;no&#8220; type=&#8220;grid&#8220; anchor=&#8220;bedingungen&#8220; text_align=&#8220;left&#8220; background_animation=&#8220;none&#8220; padding_top=&#8220;45&#8243; padding_bottom=&#8220;25&#8243; css_animation=&#8220;&#8220;][vc_column][vc_empty_space][vc_row_inner row_type=&#8220;row&#8220; type=&#8220;full_width&#8220; use_row_as_full_screen_section_slide=&#8220;no&#8220; text_align=&#8220;left&#8220; css_animation=&#8220;&#8220;][vc_column_inner][vc_column_text] Das Kleingedruckte f\u00fcr unsere Termine [\/vc_column_text][\/vc_column_inner][\/vc_row_inner][vc_empty_space][\/vc_column][\/vc_row][vc_row row_type=&#8220;row&#8220; use_row_as_full_screen_section=&#8220;no&#8220; type=&#8220;grid&#8220; text_align=&#8220;left&#8220; background_animation=&#8220;none&#8220; css_animation=&#8220;&#8220;][vc_column][vc_row_inner row_type=&#8220;row&#8220; type=&#8220;full_width&#8220; use_row_as_full_screen_section_slide=&#8220;no&#8220; text_align=&#8220;left&#8220;&#8230;<\/p>\n","protected":false},"author":2,"featured_media":0,"parent":0,"menu_order":0,"comment_status":"closed","ping_status":"closed","template":"full_width.php","meta":{"footnotes":""},"class_list":["post-23169","page","type-page","status-publish","hentry"],"_links":{"self":[{"href":"https:\/\/www.sophiahealth.de\/index.php\/wp-json\/wp\/v2\/pages\/23169","targetHints":{"allow":["GET"]}}],"collection":[{"href":"https:\/\/www.sophiahealth.de\/index.php\/wp-json\/wp\/v2\/pages"}],"about":[{"href":"https:\/\/www.sophiahealth.de\/index.php\/wp-json\/wp\/v2\/types\/page"}],"author":[{"embeddable":true,"href":"https:\/\/www.sophiahealth.de\/index.php\/wp-json\/wp\/v2\/users\/2"}],"replies":[{"embeddable":true,"href":"https:\/\/www.sophiahealth.de\/index.php\/wp-json\/wp\/v2\/comments?post=23169"}],"version-history":[{"count":11,"href":"https:\/\/www.sophiahealth.de\/index.php\/wp-json\/wp\/v2\/pages\/23169\/revisions"}],"predecessor-version":[{"id":26159,"href":"https:\/\/www.sophiahealth.de\/index.php\/wp-json\/wp\/v2\/pages\/23169\/revisions\/26159"}],"wp:attachment":[{"href":"https:\/\/www.sophiahealth.de\/index.php\/wp-json\/wp\/v2\/media?parent=23169"}],"curies":[{"name":"wp","href":"https:\/\/api.w.org\/{rel}","templated":true}]}}